{"id":174,"date":"2015-10-22T10:34:17","date_gmt":"2015-10-22T10:34:17","guid":{"rendered":"http:\/\/baugeschaeft-bade.de\/?page_id=174"},"modified":"2019-01-16T12:05:32","modified_gmt":"2019-01-16T12:05:32","slug":"bungalows","status":"publish","type":"page","link":"https:\/\/baugeschaeft-bade.de\/?page_id=174","title":{"rendered":"Bungalows"},"content":{"rendered":"<h4 id=\"mitte\"><\/h4>\n<h4><\/h4>\n<p>&nbsp;<\/p>\n<h4 id=\"mitte\">Baugesch\u00e4ft Bade &#8211; Bungalow &#8211; Typ I<\/h4>\n<h6>Grundtyp, der Ihren pers\u00f6nlichen Bed\u00fcrfnissen und Gestaltungsw\u00fcnschen angepasst werden kann<\/h6>\n<h3>Smart Slider with ID #15 does NOT EXIST or has NO SLIDES!<\/h3><h4>Usage: WordPress Shortcode<\/h4>\n<h4><\/h4>\n<p>&nbsp;<\/p>\n<h4>Baugesch\u00e4ft Bade &#8211; Bungalow &#8211; Typ II<\/h4>\n<h6>Grundtyp, der Ihren pers\u00f6nlichen Bed\u00fcrfnissen und Gestaltungsw\u00fcnschen angepasst werden kann<\/h6>\n<h3>Smart Slider with ID #14 does NOT EXIST or has NO SLIDES!<\/h3><h4>Usage: WordPress Shortcode<\/h4>\n<h4><\/h4>\n<p>&nbsp;<\/p>\n<h4 id=\"mitte\">Baugesch\u00e4ft Bade &#8211; Bungalow &#8211; Typ III<\/h4>\n<h6>Grundtyp, der Ihren pers\u00f6nlichen Bed\u00fcrfnissen und Gestaltungsw\u00fcnschen angepasst werden kann<\/h6>\n<h3>Smart Slider with ID #12 does NOT EXIST or has NO SLIDES!<\/h3><h4>Usage: WordPress Shortcode<\/h4>\n","protected":false},"excerpt":{"rendered":"<p>&nbsp; Baugesch\u00e4ft Bade &#8211; Bungalow &#8211; Typ I Grundtyp, der Ihren pers\u00f6nlichen Bed\u00fcrfnissen und Gestaltungsw\u00fcnschen angepasst werden kann &nbsp; Baugesch\u00e4ft Bade &#8211; Bungalow &#8211; Typ II Grundtyp, der Ihren pers\u00f6nlichen Bed\u00fcrfnissen und Gestaltungsw\u00fcnschen angepasst werden kann &nbsp; Baugesch\u00e4ft Bade &#8211; Bungalow &#8211; Typ III Grundtyp, der Ihren pers\u00f6nlichen Bed\u00fcrfnissen und Gestaltungsw\u00fcnschen angepasst werden kann<\/p>\n","protected":false},"author":1,"featured_media":0,"parent":0,"menu_order":0,"comment_status":"closed","ping_status":"closed","template":"","meta":[],"_links":{"self":[{"href":"https:\/\/baugeschaeft-bade.de\/index.php?rest_route=\/wp\/v2\/pages\/174"}],"collection":[{"href":"https:\/\/baugeschaeft-bade.de\/index.php?rest_route=\/wp\/v2\/pages"}],"about":[{"href":"https:\/\/baugeschaeft-bade.de\/index.php?rest_route=\/wp\/v2\/types\/page"}],"author":[{"embeddable":true,"href":"https:\/\/baugeschaeft-bade.de\/index.php?rest_route=\/wp\/v2\/users\/1"}],"replies":[{"embeddable":true,"href":"https:\/\/baugeschaeft-bade.de\/index.php?rest_route=%2Fwp%2Fv2%2Fcomments&post=174"}],"version-history":[{"count":6,"href":"https:\/\/baugeschaeft-bade.de\/index.php?rest_route=\/wp\/v2\/pages\/174\/revisions"}],"predecessor-version":[{"id":872,"href":"https:\/\/baugeschaeft-bade.de\/index.php?rest_route=\/wp\/v2\/pages\/174\/revisions\/872"}],"wp:attachment":[{"href":"https:\/\/baugeschaeft-bade.de\/index.php?rest_route=%2Fwp%2Fv2%2Fmedia&parent=174"}],"curies":[{"name":"wp","href":"https:\/\/api.w.org\/{rel}","templated":true}]}}