{"id":69,"date":"2015-10-14T09:59:56","date_gmt":"2015-10-14T09:59:56","guid":{"rendered":"http:\/\/baugeschaeft-bade.de\/?page_id=69"},"modified":"2025-02-19T12:17:47","modified_gmt":"2025-02-19T12:17:47","slug":"baugeschaeft-bade","status":"publish","type":"page","link":"https:\/\/baugeschaeft-bade.de\/","title":{"rendered":"Baugesch\u00e4ft Bade"},"content":{"rendered":"\n<div class=\"wp-block-image\"><figure class=\"alignleft\"><a href=\"http:\/\/baugeschaeft-bade.de\/wp-content\/uploads\/2015\/10\/bade_qualitaet_seit_1990.jpg\"><img loading=\"lazy\" width=\"320\" height=\"302\" src=\"http:\/\/baugeschaeft-bade.de\/wp-content\/uploads\/2015\/10\/bade_qualitaet_seit_1990.jpg\" alt=\"\" class=\"wp-image-762\" srcset=\"https:\/\/baugeschaeft-bade.de\/wp-content\/uploads\/2015\/10\/bade_qualitaet_seit_1990.jpg 320w, https:\/\/baugeschaeft-bade.de\/wp-content\/uploads\/2015\/10\/bade_qualitaet_seit_1990-300x283.jpg 300w\" sizes=\"(max-width: 320px) 100vw, 320px\" \/><\/a><\/figure><\/div>\n\n\n\n<p><strong>Als unser Familienunternehmen am 1. M\u00e4rz 1990 gegr\u00fcndet wurde, war kaum mehr da als der gute alte &#8222;Trabbi&#8220;, die Schaufel, der Mischer und jede Menge Optimismus.<br>Aber es hat sich gelohnt.<\/strong><\/p>\n\n\n\n<p>Das Baugesch\u00e4ft Bade erwirtschaftet heute etwa 5 Mio. Euro Jahresumsatz und besch\u00e4ftigt 31 Mitarbeiter davon 5 im B\u00fcro. Jeder f\u00fcr sich ist auf seinem Gebiet ein Fachmann. Gemeinsam sind wir ein multiprofessionelles Team von Handwerkern f\u00fcr den Mauerwerks- und Betonbau, den kompletten Innenausbau, sowie f\u00fcr Putz- und Fassadengestaltungen, das sich regelm\u00e4\u00dfig schult und weiterbildet und so den stetig wachsenden Anforderungen an energieeffizientes Bauen gerecht wird.<\/p>\n\n\n\n<p>Unsere Kernkompetenz liegt im schl\u00fcsselfertigen Ein- und Mehrfamilienhausbau &#8211; qualit\u00e4tsgerecht, wertbest\u00e4ndig und ganz nach Ihren W\u00fcnschen. Das Baugesch\u00e4ft Bade verwirklicht aber auch Ihre individuellen Einzelprojekte wie Abbrucharbeiten, die Gestaltung von Au\u00dfenanlagen, An- und Umbauten, Fassadenerneuerungen, sowie Badsanierungen und nat\u00fcrlich vieles mehr.<\/p>\n\n\n\n<p>Unsere Partnerfirmen f\u00fcr Zimmerer- und Dachdeckerarbeiten sowie Elektro-, Heizungs- und Sanit\u00e4rinstallation sind ausschlie\u00dflich orts- oder regionalans\u00e4ssig. Das erm\u00f6glicht uns, Sie von der Planung bis zum Einzug in Ihr neues Zuhause zu begleiten.<\/p>\n\n\n\n<p>Im April 2015 wurde das Unternehmen in eine GmbH &amp; Co.KG umgewandelt und die S\u00f6hne Martin und Christoph Bade somit direkt an der Gesch\u00e4ftsf\u00fchrung beteiligt. Damit ist das Baugesch\u00e4ft Bade auch f\u00fcr die Zukunft zuverl\u00e4ssig aufgestellt.<\/p>\n\n\n\n<p><strong>Wir &#8211; unsere Mannschaft, Partner und die Baustoffindustrie &#8211; garantieren Ihnen einen reibungslosen Bauablauf und bleiben auch nach Schl\u00fcssel\u00fcbergabe f\u00fcr Sie stets ein Ansprechpartner.<\/strong><\/p>\n\n\n\n<div class=\"wp-block-columns\">\n<div class=\"wp-block-column\" style=\"flex-basis:33.33%\">\n<figure class=\"wp-block-video\"><video controls preload=\"auto\" src=\"http:\/\/baugeschaeft-bade.de\/wp-content\/uploads\/2015\/10\/VTS_01_1.VOB_.mp4\"><\/video><\/figure>\n<\/div>\n\n\n\n<div class=\"wp-block-column\" style=\"flex-basis:66.66%\">\n<figure class=\"wp-block-image size-large\"><a href=\"https:\/\/haffprojekt.de\/\" target=\"_blank\" rel=\"noopener\"><img loading=\"lazy\" width=\"1024\" height=\"329\" src=\"http:\/\/baugeschaeft-bade.de\/wp-content\/uploads\/2024\/12\/Logo_HP_final-1024x329.png\" alt=\"\" class=\"wp-image-1079\" srcset=\"https:\/\/baugeschaeft-bade.de\/wp-content\/uploads\/2024\/12\/Logo_HP_final-1024x329.png 1024w, https:\/\/baugeschaeft-bade.de\/wp-content\/uploads\/2024\/12\/Logo_HP_final-300x96.png 300w, https:\/\/baugeschaeft-bade.de\/wp-content\/uploads\/2024\/12\/Logo_HP_final-768x247.png 768w, https:\/\/baugeschaeft-bade.de\/wp-content\/uploads\/2024\/12\/Logo_HP_final-750x241.png 750w, https:\/\/baugeschaeft-bade.de\/wp-content\/uploads\/2024\/12\/Logo_HP_final.png 1285w\" sizes=\"(max-width: 1024px) 100vw, 1024px\" \/><\/a><\/figure>\n<\/div>\n<\/div>\n\n\n\n<figure class=\"wp-block-image size-full\"><a href=\"https:\/\/baugeschaeft-bade.de\/?page_id=106\" target=\"_blank\" rel=\"noopener\"><img loading=\"lazy\" width=\"700\" height=\"300\" src=\"https:\/\/baugeschaeft-bade.de\/wp-content\/uploads\/2015\/11\/kundenmeinungen14.jpg\" alt=\"\" class=\"wp-image-406\" srcset=\"https:\/\/baugeschaeft-bade.de\/wp-content\/uploads\/2015\/11\/kundenmeinungen14.jpg 700w, https:\/\/baugeschaeft-bade.de\/wp-content\/uploads\/2015\/11\/kundenmeinungen14-300x129.jpg 300w\" sizes=\"(max-width: 700px) 100vw, 700px\" \/><\/a><\/figure>\n","protected":false},"excerpt":{"rendered":"<p>Als unser Familienunternehmen am 1. M\u00e4rz 1990 gegr\u00fcndet wurde, war kaum mehr da als der gute alte &#8222;Trabbi&#8220;, die Schaufel, der Mischer und jede Menge Optimismus.Aber es hat sich gelohnt. Das Baugesch\u00e4ft Bade erwirtschaftet heute etwa 5 Mio. Euro Jahresumsatz und besch\u00e4ftigt 31 Mitarbeiter davon 5 im B\u00fcro. Jeder f\u00fcr sich ist auf seinem Gebiet [&hellip;]<\/p>\n","protected":false},"author":1,"featured_media":0,"parent":0,"menu_order":0,"comment_status":"closed","ping_status":"closed","template":"","meta":[],"_links":{"self":[{"href":"https:\/\/baugeschaeft-bade.de\/index.php?rest_route=\/wp\/v2\/pages\/69"}],"collection":[{"href":"https:\/\/baugeschaeft-bade.de\/index.php?rest_route=\/wp\/v2\/pages"}],"about":[{"href":"https:\/\/baugeschaeft-bade.de\/index.php?rest_route=\/wp\/v2\/types\/page"}],"author":[{"embeddable":true,"href":"https:\/\/baugeschaeft-bade.de\/index.php?rest_route=\/wp\/v2\/users\/1"}],"replies":[{"embeddable":true,"href":"https:\/\/baugeschaeft-bade.de\/index.php?rest_route=%2Fwp%2Fv2%2Fcomments&post=69"}],"version-history":[{"count":22,"href":"https:\/\/baugeschaeft-bade.de\/index.php?rest_route=\/wp\/v2\/pages\/69\/revisions"}],"predecessor-version":[{"id":1101,"href":"https:\/\/baugeschaeft-bade.de\/index.php?rest_route=\/wp\/v2\/pages\/69\/revisions\/1101"}],"wp:attachment":[{"href":"https:\/\/baugeschaeft-bade.de\/index.php?rest_route=%2Fwp%2Fv2%2Fmedia&parent=69"}],"curies":[{"name":"wp","href":"https:\/\/api.w.org\/{rel}","templated":true}]}}