{"id":78,"date":"2015-10-14T09:53:32","date_gmt":"2015-10-14T09:53:32","guid":{"rendered":"http:\/\/baugeschaeft-bade.de\/?page_id=78"},"modified":"2015-12-16T08:34:19","modified_gmt":"2015-12-16T08:34:19","slug":"sponsoring","status":"publish","type":"page","link":"https:\/\/baugeschaeft-bade.de\/?page_id=78","title":{"rendered":"Sponsoring"},"content":{"rendered":"<h4><span style=\"font-family: ARIAL;\">Es ist uns ein Anliegen, regionales Engagement u.a. durch Sponsoring zu unterst\u00fctzen:<\/span><\/h4>\n<p>&nbsp;<\/p>\n<h4><strong><img loading=\"lazy\" class=\"alignleft wp-image-205 size-full\" src=\"http:\/\/baugeschaeft-bade.de\/wp-content\/uploads\/2015\/10\/sponsored1.jpg\" alt=\"\" width=\"280\" height=\"570\" srcset=\"https:\/\/baugeschaeft-bade.de\/wp-content\/uploads\/2015\/10\/sponsored1.jpg 280w, https:\/\/baugeschaeft-bade.de\/wp-content\/uploads\/2015\/10\/sponsored1-147x300.jpg 147w\" sizes=\"(max-width: 280px) 100vw, 280px\" \/><\/strong><\/h4>\n<h4><strong>Region &amp; Kultur<\/strong><\/h4>\n<ul>\n<li>Unterst\u00fctzung der Kirchengemeinde M\u00f6nkebude<\/li>\n<li>Feuerwehr M\u00f6nkebude<\/li>\n<li>Kindergarten M\u00f6nkebude<\/li>\n<li><a href=\"http:\/\/www.tierpark-ueckermuende.de\" target=\"_blank\">Tierpark Ueckerm\u00fcnde<\/a><\/li>\n<li><a href=\"http:\/\/www.vorpommersche-landesbuehne.de\" target=\"_blank\">Vorpommersche Landesb\u00fchne<\/a><\/li>\n<li><a href=\"http:\/\/www.kms-uer.de\" target=\"_blank\">Kreismusikschule Uecker-Randow<\/a><\/li>\n<\/ul>\n<p>&nbsp;<\/p>\n<h4><strong><br \/>\nSportvereine<\/strong><\/h4>\n<ul>\n<li><a href=\"http:\/\/www.fc-greif.de\" target=\"_blank\">Torgelower SV Greif e.V.<\/a><\/li>\n<li>Volleyballverein M\u00f6nkebude<\/li>\n<li><a href=\"http:\/\/fsv-einheit-ueckermuende.de\/\" target=\"_blank\">Einheit Ueckerm\u00fcnde Abt. Fu\u00dfball<\/a><\/li>\n<li>TSV Blau\/Wei\u00df 58 Leopoldshagen<\/li>\n<li>Lauftreff Ueckerm\u00fcnde<\/li>\n<li>Eishockeyverein &#8222;M\u00f6nkebuder Adler&#8220; (Landesmeister 2004 &amp; 2007)<\/li>\n<\/ul>\n<p>&nbsp;<\/p>\n<div id=\"mitte\"><span style=\"font-family: ARIAL;\"><span style=\"font-family: ARIAL;\"><span style=\"font-family: ARIAL;\">Wir sind Organisator des <\/span><\/span><\/span><\/div>\n<h4><span style=\"font-family: ARIAL;\"><span style=\"font-family: ARIAL;\"><span style=\"font-family: ARIAL;\">M\u00f6nkebuder Deichlaufs <\/span><\/span><\/span><\/h4>\n<p>einer der gr\u00f6\u00dften Laufveranstaltungen in der Region mit j\u00e4hrlich ca. 200 aktiven Teilnehmern.<strong><br \/>\n<\/strong><\/p>\n","protected":false},"excerpt":{"rendered":"<p>Es ist uns ein Anliegen, regionales Engagement u.a. durch Sponsoring zu unterst\u00fctzen: &nbsp; Region &amp; Kultur Unterst\u00fctzung der Kirchengemeinde M\u00f6nkebude Feuerwehr M\u00f6nkebude Kindergarten M\u00f6nkebude Tierpark Ueckerm\u00fcnde Vorpommersche Landesb\u00fchne Kreismusikschule Uecker-Randow &nbsp; Sportvereine Torgelower SV Greif e.V. Volleyballverein M\u00f6nkebude Einheit Ueckerm\u00fcnde Abt. Fu\u00dfball TSV Blau\/Wei\u00df 58 Leopoldshagen Lauftreff Ueckerm\u00fcnde Eishockeyverein &#8222;M\u00f6nkebuder Adler&#8220; (Landesmeister 2004 &amp; 2007) [&hellip;]<\/p>\n","protected":false},"author":1,"featured_media":0,"parent":0,"menu_order":0,"comment_status":"closed","ping_status":"closed","template":"","meta":[],"_links":{"self":[{"href":"https:\/\/baugeschaeft-bade.de\/index.php?rest_route=\/wp\/v2\/pages\/78"}],"collection":[{"href":"https:\/\/baugeschaeft-bade.de\/index.php?rest_route=\/wp\/v2\/pages"}],"about":[{"href":"https:\/\/baugeschaeft-bade.de\/index.php?rest_route=\/wp\/v2\/types\/page"}],"author":[{"embeddable":true,"href":"https:\/\/baugeschaeft-bade.de\/index.php?rest_route=\/wp\/v2\/users\/1"}],"replies":[{"embeddable":true,"href":"https:\/\/baugeschaeft-bade.de\/index.php?rest_route=%2Fwp%2Fv2%2Fcomments&post=78"}],"version-history":[{"count":10,"href":"https:\/\/baugeschaeft-bade.de\/index.php?rest_route=\/wp\/v2\/pages\/78\/revisions"}],"predecessor-version":[{"id":745,"href":"https:\/\/baugeschaeft-bade.de\/index.php?rest_route=\/wp\/v2\/pages\/78\/revisions\/745"}],"wp:attachment":[{"href":"https:\/\/baugeschaeft-bade.de\/index.php?rest_route=%2Fwp%2Fv2%2Fmedia&parent=78"}],"curies":[{"name":"wp","href":"https:\/\/api.w.org\/{rel}","templated":true}]}}