{"id":861,"date":"2018-06-22T11:50:53","date_gmt":"2018-06-22T11:50:53","guid":{"rendered":"http:\/\/baugeschaeft-bade.de\/?page_id=861"},"modified":"2018-06-22T12:04:50","modified_gmt":"2018-06-22T12:04:50","slug":"datenschutz","status":"publish","type":"page","link":"https:\/\/baugeschaeft-bade.de\/?page_id=861","title":{"rendered":"Datenschutz"},"content":{"rendered":"<p><strong>Datenschutzerkl\u00e4rung<\/strong><\/p>\n<p>Wir danken f\u00fcr Ihr Interesse an unserem Onlineangebot und freuen uns \u00fcber ihren Besuch. Innerhalb der nachfolgenden Erkl\u00e4rung m\u00f6chten wir Sie \u00fcber die Art, den Umfang und Zweck hinsichtlich der Erhebung, Nutzung und Verarbeitung von personenbezogenen Daten in Verbindung mit der Nutzung unserer Website informieren und Sie gleichzeitig \u00fcber die Ihnen zustehenden Rechte aufkl\u00e4ren.<\/p>\n<p>Im Grundsatz ist der Besuch und die Nutzung unserer Website ohne die Angabe von personenbezogenen Daten m\u00f6glich. Personenbezogene Daten sind dabei alle Daten, die auf Sie pers\u00f6nlich beziehbar sind, z.B. Name, Adresse, E-Mail-Adresse, Nutzerverhalten.<\/p>\n<p>Sollten allerdings gewisse Dienste (beispielsweise Registrierung oder anderweitige Informations\u00fcbermittlung) unserer Website in Anspruch genommen werden, kommt es zu der Erhebung und Verarbeitung personenbezogener Daten, die ausschlie\u00dflich im Rahmen der geltenden Datenschutz-Grundverordnung (DS-GVO) erfolgen.<\/p>\n<p>Zum Schutz Ihrer Daten nutzt unsere Website stets ein aktuelles Verschl\u00fcsselungsverfahren (SSL bzw. TLS)<\/p>\n<p>&nbsp;<\/p>\n<ol>\n<li><strong>Verantwortlicher f\u00fcr die Datenverarbeitung <\/strong><\/li>\n<\/ol>\n<p>1.1 Verantwortlicher f\u00fcr die Datenverarbeitung \u00fcber diese Website im Sinne s\u00e4mtlicher datenschutzrechtlicher Bestimmungen (insbesondere im Sinne der DS-GVO nach Art. 4 Abs. 7) ist:<\/p>\n<p>Baugesch\u00e4ft Bade GmbH &amp; Co.KG<br \/>\nHerr Christoph Bade<br \/>\nHauptstra\u00dfe 110<br \/>\n17375 M\u00f6nkebude<\/p>\n<p>Tel:\u00a0 \u00a0039774-20339<br \/>\nFax:\u00a0 039774-298110<br \/>\nE-Mail: \u00a0<a href=\"mailto:info@bade-bau.de\">info@bade-bau.de<\/a><\/p>\n<p>&nbsp;<\/p>\n<p>Unsere vollst\u00e4ndige Anbieterkennzeichnung erreichen Sie unter dem nachfolgenden Link:\u00a0<a href=\"http:\/\/baugeschaeft-bade.de\/?page_id=108\">http:\/\/baugeschaeft-bade.de\/?page_id=108<\/a>.<\/p>\n<p>&nbsp;<\/p>\n<p>Der f\u00fcr die Verbreitung von personenbezogenen Daten Verantwortliche ist eine nat\u00fcrliche oder juristische Person, die allein oder gemeinsam mit anderen \u00fcber die Zwecke und Mittel der Verarbeitung von personenbezogenen Daten entscheidet.<\/p>\n<p>1.2 Bei einer Kontaktaufnahme mit uns per E-Mail oder \u00fcber ein Kontaktformular werden die von Ihnen mitgeteilten, personenbezogenen Daten (Ihre E-Mailadresse, ggf. Ihr Name und Ihre Telefonnummer) gem\u00e4\u00df Art. 6 Abs. 1 S. 1 lit. f und ggf. b DS-GVO aufgrund unseres berechtigten Interesses von uns gespeichert, um Ihre Fragen beantworten zu k\u00f6nnen. Die in diesem Zusammenhang anfallenden Daten l\u00f6schen wir, nachdem die Speicherung nicht mehr erforderlich (abschlie\u00dfende Kl\u00e4rung der Anfrage) ist, oder schr\u00e4nken die Verarbeitung ein, falls gesetzliche Aufbewahrungspflichten bestehen.<\/p>\n<p>1.3 Sofern wir f\u00fcr einzelne Funktionen unseres Angebots auf beauftragte Dienstleister zur\u00fcckgreifen oder Ihre Daten f\u00fcr werbliche Zwecke nutzen m\u00f6chten, werden wir Sie im Verlauf dieser Datenschutz-erkl\u00e4rung im Detail \u00fcber die jeweiligen Vorg\u00e4nge informieren. Dabei nennen wir auch die festgelegten Kriterien der Speicherdauer.<\/p>\n<p>&nbsp;<\/p>\n<ol start=\"2\">\n<li><strong>Erhebung personenbezogener Daten bei dem Besuch unserer Website, Cookies<\/strong><\/li>\n<\/ol>\n<p>2.1 Bei der rein informatorischen Nutzung unserer Website, also wenn Sie sich nicht registrieren oder uns anderweitig Informationen \u00fcbermitteln, erheben wir lediglich die personenbezogenen Daten, die der von Ihnen genutzte Browser an unsere Server \u00fcbermittelt. Wenn Sie unsere Website betrachten m\u00f6chten, erheben wir nach Art. 6 Abs. 1 S. 1 lit. f DS-GVO aufgrund unseres berechtigten Interesses die folgenden Daten, die f\u00fcr uns technisch erforderlich sind, um Ihnen unsere Website anzuzeigen und die Stabilit\u00e4t, Funktionalit\u00e4t und Sicherheit zu gew\u00e4hrleisten: (1) IP-Adresse, (2) Datum und Uhrzeit der Anfrage, (3) Zeitzonendifferenz zur Greenwich Mean Time (GMT), (4) Inhalt der Anforderung (konkrete Seite), (5) Zugriffsstatus\/http-Statuscode, (6) jeweils \u00fcbertragene Datenmenge, (7) Website, von der die Anforderung kommt, (8) Browser, (9) Betriebssystem und dessen Oberfl\u00e4che, (10) Sprache und Version der Browsersoftware.<\/p>\n<p>2.2 Zus\u00e4tzlich zu den zuvor genannten Daten werden bei Ihrer Nutzung unserer Website Cookies auf Ihrem Rechner gespeichert. Bei Cookies handelt es sich um kleine Textdateien, die der von Ihnen verwendete Browser auf Ihrer Festplatte zugeordnet gespeichert und durch welche uns bestimmte Informationen zuflie\u00dfen. Cookies k\u00f6nnen keine Programme ausf\u00fchren oder Viren auf Ihren Computer \u00fcbertragen. Diese dienen dazu, das Internetangebot insgesamt nutzerfreundlicher und effektiver zu machen bzw. den Besuch unserer Website zu vereinfachen (bspw. Anzeige des Inhalts des Warenkorbs bei dem n\u00e4chsten Besuch unserer Website).<\/p>\n<p>Unsere Website nutzt dabei insbesondere transiente und persistente Cookies.<\/p>\n<p>Transiente Cookies werden automatisiert gel\u00f6scht, sofern Sie den Browser schlie\u00dfen. Dazu z\u00e4hlen insbesondere die Session-Cookies. Diese speichern eine sogenannte Session-ID, mit welcher sich verschiedene Anfragen Ihres Browsers der gemeinsamen Sitzung zuordnen lassen. Dadurch kann Ihr Computer wiedererkannt werden, sofern Sie unsere Website erneut besuchen. Die Session-Cookies werden gel\u00f6scht, sofern Sie sich ausloggen oder den Browser schlie\u00dfen.<\/p>\n<p>Persistente Cookies werden automatisiert nach einer vorgegebenen Dauer gel\u00f6scht, die sich je nach Cookie unterscheiden kann. In den Sicherheitseinstellungen k\u00f6nnen Sie diese Cookies jederzeit l\u00f6schen.<\/p>\n<p>2.3 Sie k\u00f6nnen die Sicherheitseinstellungen Ihres Browsers entsprechend Ihren Vorlieben hinsichtlich der Speicherung von Cookies konfigurieren und z.B. die Annahme von Third-Party-Cookies oder allen Cookies ablehnen. Nutzen Sie daf\u00fcr bitte das Hilfemen\u00fc des jeweiligen, eingesetzten Browsers. Bei der vollst\u00e4ndigen oder teilweisen Ablehnung von Cookies k\u00f6nnen Sie ggf. nicht alle Funktionen unserer Website nutzen.<\/p>\n<p>&nbsp;<\/p>\n<ol start=\"3\">\n<li><strong>Weitere Funktionen und Angebote unserer Website<\/strong><\/li>\n<\/ol>\n<p>3.1 Neben der rein informatorischen Nutzung unserer Website bieten wir verschiedene Leistungen an, die Sie bei Interesse nutzen k\u00f6nnen. Dazu m\u00fcssen Sie in der Regel weitere personenbezogene Daten angeben, die wir zur Erbringung der jeweiligen Leistung nutzen und f\u00fcr die die zuvor genannten Grund-s\u00e4tze zur Datenverarbeitung gelten.<\/p>\n<p>3.2 Teilweise bedienen wir uns zur Verarbeitung Ihrer Daten externer Dienstleister. Diese wurden von uns sorgf\u00e4ltig ausgew\u00e4hlt und beauftragt, sind an unsere Weisungen gebunden und werden regelm\u00e4\u00dfig kontrolliert.<\/p>\n<p>3.3 Weiterhin k\u00f6nnen wir Ihre personenbezogenen Daten an Dritte weitergeben, wenn Aktionsteilnahmen, Gewinnspiele, Vertragsabschl\u00fcsse oder \u00e4hnliche Leistungen von uns gemeinsam mit Partnern angeboten werden. N\u00e4here Informationen hierzu erhalten Sie im Verlauf dieser Datenschutzerkl\u00e4rung, sowie bei Angabe Ihrer personenbezogenen Daten oder untenstehend in der Beschreibung des Angebotes.<\/p>\n<p>3.4 Soweit unsere Dienstleister oder Partner ihren Sitz in einem Staat au\u00dferhalb des Europ\u00e4ischen Wirtschaftsraumen (EWR) haben, informieren wir Sie \u00fcber die Folgen dieses Umstands in der Beschreibung des Angebotes.<\/p>\n<p>&nbsp;<\/p>\n<ol start=\"4\">\n<li><strong>Dauer der Speicherung personenbezogener Daten<\/strong><\/li>\n<\/ol>\n<p>Personenbezogene Daten werden f\u00fcr die Dauer der jeweiligen, gesetzlichen Aufbewahrungsfrist (insbesondere bemessen nach dem Handels- und Steuerrecht) gespeichert. Sind diese Daten nach Ablauf dieser gesetzlichen Aufbewahrungsfrist weder zur Vertragserf\u00fcllung noch zur Vertragsanbahnung erforderlich oder besteht kein berechtigtes Interesse unsererseits an der fortw\u00e4hrenden Speicherung der Daten, werden diese gel\u00f6scht.<\/p>\n<p><strong>\u00a0<\/strong><\/p>\n<ol start=\"5\">\n<li><strong>Rechtgrundlagen f\u00fcr die durch erfolgte Datenverarbeitung<\/strong><\/li>\n<\/ol>\n<p>Sofern wir innerhalb dieser Datenschutzerkl\u00e4rung nicht jeweils gesondert auf die Rechtsgrundlage verweisen, erfolgt die Datenverarbeitung im Allgemeinen aufgrund der nachfolgend benannten Rechtsgrundlagen.<\/p>\n<p>5.1 Haben Sie Ihre Einwilligung in die Verarbeitung Ihrer personenbezogenen Daten f\u00fcr einen oder mehrere Zwecke gegeben, erfolgt die Verarbeitung der Daten durch uns auf Grundlage des Art. 6 I lit. a DS-GVO.<\/p>\n<p>5.2 Sofern die Verarbeitung aufgrund der Erf\u00fcllung eines Vertragsverh\u00e4ltnisses, dessen Vertragspartei Sie sind, also beispielsweise zur Lieferung von Produkten nach einer Bestellung oder zur Durchf\u00fchrung vorvertraglicher Ma\u00dfnahmen, insbesondere zur Beantwortung einer von Ihnen gestellte Anfrage, erforderlich ist, erfolgt die Verarbeitung der Daten auf Grundlage des Art. 6 I lit. b DS-GVO.<\/p>\n<p>5.3 Sofern die Verarbeitung der Daten aufgrund der Erf\u00fcllung einer rechtlichen (bspw. steuerlichen) Verpflichtung, der wir unterliegen, erforderlich ist, erfolgt die Verarbeitung der Daten durch uns auf Grundlage des Art. 6 I lit. c DS-GVO.<\/p>\n<p>5.4 Erfolgt die Verarbeitung der Daten, um Ihr lebenswichtigen Interessen, oder die lebenswichtigen Interessen einer anderen nat\u00fcrlichen Person zu sch\u00fctzen, beruht dies auf der Grundlage des Art. 6 I lit. d DS-GVO.<\/p>\n<p>5.5 Wird die Verarbeitung der personenbezogenen Daten von keiner der vorbezeichneten Rechtsgrundlagen erfasst, erfolgt die Verarbeitung der Daten auf der Grundlage des Art. 6 I lit. f DS-GVO. Danach erfolgt die Verarbeitung zur Wahrung unseres berechtigten Interesses oder des Interesses eines Dritten, sofern Ihre Interessen, Grundrechte und Grundfreiheiten nicht \u00fcberwiegen.<\/p>\n<p>&nbsp;<\/p>\n<ol start=\"6\">\n<li><strong>Ihre Rechte<\/strong><\/li>\n<\/ol>\n<p>Sie haben gegen\u00fcber unserem Unternehmen die nachfolgend aufgef\u00fchrten Rechte hinsichtlich der Sie betreffenden personenbezogenen Daten.<\/p>\n<p><strong>6.1 Recht auf Auskunft, Art. 15 DS-GVO<\/strong><\/p>\n<p>Sie haben das Recht, eine unentgeltliche Auskunft und eine Kopie von uns \u00fcber personenbezogene, verarbeitete Daten zu verlangen, die Sie betreffen. Dar\u00fcber hinaus stehen Ihnen Ausk\u00fcnfte \u00fcber (1) die Verarbeitungszwecke, (2) die Kategorien personenbezogener Daten, die verarbeitet werden, (3) die Empf\u00e4nger oder Kategorien von Empf\u00e4nger, gegen\u00fcber denen die personenbezogenen Daten offengelegt worden sind oder noch offengelegt werden, insbesondere bei Empf\u00e4ngern in Drittl\u00e4ndern oder bei internationalen Organisationen, (4) \u2013 falls m\u00f6glich \u2013 die geplante Dauer, f\u00fcr die die personenbezogenen Daten gespeichert werden, oder, falls dies nicht m\u00f6glich ist, die Kriterien f\u00fcr die Festlegung dieser Dauer, (5) das Bestehen eines Rechts auf Berichtigung oder L\u00f6schung der Sie betreffenden personenbezogenen Daten oder auf Einschr\u00e4nkung der Verarbeitung durch den Verantwortlichen oder eines Widerspruchsrechts gegen diese Verarbeitung (6) das Beschwerderecht bei einer Aufsichtsbeh\u00f6rde, (7) alle verf\u00fcgbaren Informationen \u00fcber die Herkunft der Daten, wenn die personenbezogenen Daten nicht bei uns erhoben werden, (8) das Bestehen einer automatisierten Entscheidungsfindung einschlie\u00dflich Profiling gem\u00e4\u00df Artikel 22 Abs\u00e4tze 1 und 4 DS-GVO und \u2013 zumindest in diesen F\u00e4llen \u2013 aussagekr\u00e4ftige Informationen \u00fcber die involvierte Logik sowie die Tragweite und die angestrebten Auswirkungen einer derartigen Verarbeitung f\u00fcr Sie als betroffene Person, (9) die geeigneten Garantien gem\u00e4\u00df Artikel 46 DS-GVO im Zusammenhang mit der \u00dcbermittlung, sofern personenbezogene Daten an ein Drittland oder an eine internationale Organisation \u00fcbermittelt werden.<\/p>\n<p><strong>6.2 Recht auf Berichtigung, Art. 16 DS-GVO<\/strong><\/p>\n<p>Sie haben das Recht, unverz\u00fcglich die Berichtigung Sie betreffender unrichtiger personenbezogener Daten zu verlangen. Dar\u00fcber hinaus haben Sie das Recht, die Vervollst\u00e4ndigung unvollst\u00e4ndiger personenbezogener Daten \u2013 auch mittels einer erg\u00e4nzenden Erkl\u00e4rung \u2013 zu verlangen.<\/p>\n<p><strong>6.3 Recht auf L\u00f6schung, Art. 17 DS-GVO (\u201eRecht auf Vergessenwerden\u201c)<\/strong><\/p>\n<p>Sie haben das Recht auf die unverz\u00fcgliche L\u00f6schung personenbezogener Daten, sofern einer der folgenden Gr\u00fcnde zutrifft: (1) die personenbezogenen Daten sind f\u00fcr die Zwecke, f\u00fcr die sie erhoben oder auf sonstige Weise verarbeitet wurden, nicht mehr notwendig, (2) Sie widerrufen ihre Einwilligung, auf die sich die Verarbeitung gem\u00e4\u00df Artikel 6 Absatz 1 lit. a DS-GVO oder Artikel 9 Absatz 2 lit. a DS-GVO st\u00fctzte, und es fehlt an einer anderweitigen Rechtsgrundlage f\u00fcr die Verarbeitung, (3) Sie legen gem\u00e4\u00df Artikel 21 Absatz 1 DS-GVO Widerspruch gegen die Verarbeitung ein und es liegen keine vorrangigen berechtigten Gr\u00fcnde f\u00fcr die Verarbeitung vor, oder Sie legen gem\u00e4\u00df Artikel 21 Absatz 2 DS-GVO Widerspruch gegen die Verarbeitung ein, (4) die personenbezogenen Daten wurden unrechtm\u00e4\u00dfig verarbeitet, (5) die L\u00f6schung der personenbezogenen Daten ist zur Erf\u00fcllung einer rechtlichen Verpflichtung nach dem Unionsrecht oder dem Recht der Mitgliedstaaten erforderlich, dem wir unterliegen, (6) die personenbezogenen Daten wurden in Bezug auf angebotene Dienste der Informationsgesellschaft gem\u00e4\u00df Artikel 8 Absatz 1 DS-GVO erhoben.<\/p>\n<p><strong>6.4 Recht auf Einschr\u00e4nkung der Verarbeitung, Art. 18 DS-GVO<\/strong><\/p>\n<p>Sie haben das Recht, von uns die Einschr\u00e4nkung der Verarbeitung zu verlangen, wenn eine der folgenden Voraussetzungen gegeben ist: (1) die Richtigkeit der personenbezogenen Daten wird von Ihnen bestritten, und zwar f\u00fcr eine Dauer, die es uns erm\u00f6glicht, die Richtigkeit der personenbezogenen Daten zu \u00fcberpr\u00fcfen, (2) die Verarbeitung ist unrechtm\u00e4\u00dfig und Sie lehnen die L\u00f6schung der personenbezogenen Daten ab und verlangen stattdessen die Einschr\u00e4nkung der Nutzung der personenbezogenen Daten, (3) wir ben\u00f6tigen die personenbezogenen Daten f\u00fcr die Zwecke der Verarbeitung nicht l\u00e4nger, Sie ben\u00f6tigen diese jedoch zur Geltendmachung, Aus\u00fcbung oder Verteidigung von Rechtsanspr\u00fcchen, oder (4) Sie haben Widerspruch gegen die Verarbeitung gem\u00e4\u00df Artikel 21 Absatz 1 DS-GVO eingelegt, solange noch nicht feststeht, ob unsere berechtigten Gr\u00fcnde \u00fcberwiegen.<\/p>\n<p><strong>6.5 Recht auf Mitteilung, Art. 19 DS-GVO<\/strong><\/p>\n<p>Wir haben eine Mitteilungspflicht allen Empf\u00e4ngern gegen\u00fcber, deren personenbezogenen Daten offengelegt wurden, jede Berichtigung oder L\u00f6schung der personenbezogenen Daten oder eine Einschr\u00e4nkung der Verarbeitung nach Artikel 16, Artikel 17 Absatz 1 und Artikel 18 DS-GVO anzuzeigen, es sei denn, dies erweist sich als unm\u00f6glich oder ist mit einem unverh\u00e4ltnism\u00e4\u00dfigen Aufwand verbunden. Sie haben das Recht, \u00fcber diese Empf\u00e4nger unterrichtet zu werden, sofern Sie dies verlangen.<\/p>\n<p><strong>6.6 Recht auf Daten\u00fcbertragbarkeit, Art. 20 DS-GVO<\/strong><\/p>\n<p>Sie haben das Recht, die Sie betreffenden personenbezogenen Daten, die Sie uns bereitgestellt haben, in einem strukturierten, g\u00e4ngigen und maschinenlesbaren Format zu erhalten und diese Daten einem anderen Verantwortlichen ohne Behinderung durch uns, dem die personenbezogenen Daten bereitgestellt wurden, zu \u00fcbermitteln, sofern die Verarbeitung auf einer Einwilligung gem\u00e4\u00df Artikel 6 Absatz 1 lit. a oder Artikel 9 Absatz 2 lit. a DS-GVO oder auf einem Vertrag gem\u00e4\u00df Artikel 6 Absatz 1 lit. b DS-GVO beruht und die Verarbeitung mithilfe automatisierter Verfahren erfolgt. Sie haben ferner das Recht, zu verlangen, dass die personenbezogenen Daten direkt von uns einem anderen Verantwortlichen \u00fcbermittelt werden, soweit dies technisch machbar ist.<\/p>\n<p>6.7 Sie haben zudem gem\u00e4\u00df Art. 77 Abs 3 DS-GVO das Recht, sich bei einer Datenschutz-Aufsichtsbeh\u00f6rde \u00fcber die Verarbeitung Ihrer personenbezogenen Daten durch uns zu beschweren.<\/p>\n<p>&nbsp;<\/p>\n<ol start=\"7\">\n<li><strong>Widerspruch oder Widerruf gegen die Verarbeitung Ihrer Daten, Art. 7 Abs. 3 DS-GVO<\/strong><\/li>\n<\/ol>\n<p>7.1 Falls Sie eine Einwilligung zur Verarbeitung Ihrer Daten erteilt haben, k\u00f6nnen Sie diese jederzeit widerrufen. Ein solcher Widerruf beeinflusst die Zul\u00e4ssigkeit der Verarbeitung Ihrer personenbezogenen Daten, nachdem Sie ihn gegen\u00fcber uns ausgesprochen haben.<\/p>\n<p>7.2 Soweit wir die Verarbeitung Ihrer personenbezogenen Daten auf die Interessenabw\u00e4gung st\u00fctzen, k\u00f6nnen Sie Widerspruch gegen die Verarbeitung einlegen. Dies ist der Fall, wenn die Verarbeitung insbesondere nicht zur Erf\u00fcllung eines Vertrags mit Ihnen erforderlich ist, was von uns jeweils bei der nachfolgenden Beschreibung der Funktionen dargestellt wird. Bei Aus\u00fcbung eines solchen Widerspruchs bitten wir um Darlegung der Gr\u00fcnde, weshalb wir Ihre personenbezogenen Daten nicht wie von uns durchgef\u00fchrt verarbeiten sollten. Im Falle Ihres begr\u00fcndeten Widerspruchs pr\u00fcfen wir die Sachlage und werden entweder die Datenverarbeitung einstellen bzw. anpassen oder Ihnen unsere zwingenden schutzw\u00fcrdigen Gr\u00fcnde aufzeigen, aufgrund derer wir die Verarbeitung fortf\u00fchren.<\/p>\n<p>7.3 Selbstverst\u00e4ndlich k\u00f6nnen Sie der Verarbeitung Ihrer personenbezogenen Daten f\u00fcr Zwecke der Werbung und Datenanalyse jederzeit widersprechen. \u00dcber Ihren Werbewiderspruch k\u00f6nnen Sie uns unter folgenden Kontaktdaten informieren:<\/p>\n<p>Baugesch\u00e4ft Bade GmbH &amp; Co.KG<br \/>\nHerr Christoph Bade<br \/>\nHauptstra\u00dfe 110<br \/>\n17375 M\u00f6nkebude<\/p>\n<p>Tel:\u00a0 \u00a0039774-20339<br \/>\nFax:\u00a0 039774-298110<br \/>\nE-Mail: <a href=\"mailto:info@bade-bau.de\">info@bade-bau.de<\/a><\/p>\n<p>&nbsp;<\/p>\n<ol start=\"8\">\n<li><strong> Einbindung von Google Maps<\/strong><\/li>\n<\/ol>\n<p>8.1 Auf dieser Webseite nutzen wir das Angebot von Google Maps. Dadurch k\u00f6nnen wir Ihnen interaktive Karten direkt in der Website anzeigen und erm\u00f6glichen Ihnen die komfortable Nutzung der Karten-Funktion.<\/p>\n<p>8.2 Durch den Besuch auf der Website erh\u00e4lt Google die Information, dass Sie die entsprechende Unterseite unserer Website aufgerufen haben. Zudem werden die unter Ziffer 3 dieser Erkl\u00e4rung genannten Daten \u00fcbermittelt. Dies erfolgt unabh\u00e4ngig davon, ob Google ein Nutzerkonto bereitstellt, \u00fcber das Sie eingeloggt sind, oder ob kein Nutzerkonto besteht. Wenn Sie bei Google eingeloggt sind, werden Ihre Daten direkt Ihrem Konto zugeordnet. Wenn Sie die Zuordnung mit Ihrem Profil bei Google nicht w\u00fcnschen, m\u00fcssen Sie sich vor Aktivierung des Buttons ausloggen. Google speichert Ihre Daten als Nutzungsprofile und nutzt sie f\u00fcr Zwecke der Werbung, Marktforschung und\/oder der bedarfsgerechten Gestaltung seiner Website, womit ein berechtigtes Interesse besteht, vgl. Art. 6 Abs. 1 lit. f DS-GVO. Eine solche Auswertung erfolgt insbesondere (selbst f\u00fcr nicht eingeloggte Nutzer) zur Erbringung von bedarfsgerechter Werbung und um andere Nutzer des sozialen Netzwerks \u00fcber Ihre Aktivit\u00e4ten auf unserer Website zu informieren. Ihnen steht ein Widerspruchsrecht gegen die Bildung dieser Nutzerprofile zu, wobei Sie sich zur Aus\u00fcbung dessen an Google richten m\u00fcssen.<\/p>\n<p>8.3 Weitere Informationen zu Zweck und Umfang der Datenerhebung und ihrer Verarbeitung durch den Plug-in-Anbieter erhalten Sie in den Datenschutzerkl\u00e4rungen des Anbieters. Dort erhalten Sie auch weitere Informationen zu Ihren diesbez\u00fcglichen Rechten und Einstellungsm\u00f6glichkeiten zum Schutze Ihrer Privatsph\u00e4re: <a href=\"http:\/\/www.google.de\/intl\/de\/policies\/privacy\">http:\/\/www.google.de\/intl\/de\/policies\/privacy<\/a>. Google verarbeitet Ihre personenbezogenen Daten auch in den USA und hat sich dem EU-US Privacy Shield unterworfen, <a href=\"https:\/\/www.privacyshield.gov\/EU-US-Framework\">https:\/\/www.privacyshield.gov\/EU-US-Framework<\/a>.<\/p>\n<p>&nbsp;<\/p>\n<p>\u00a9 Kanzlei Wrase, Hamburg<br \/>\n<a href=\"https:\/\/www.lawst.de\/\">https:\/\/www.lawst.de\/<\/a><\/p>\n","protected":false},"excerpt":{"rendered":"<p>Datenschutzerkl\u00e4rung Wir danken f\u00fcr Ihr Interesse an unserem Onlineangebot und freuen uns \u00fcber ihren Besuch. Innerhalb der nachfolgenden Erkl\u00e4rung m\u00f6chten wir Sie \u00fcber die Art, den Umfang und Zweck hinsichtlich der Erhebung, Nutzung und Verarbeitung von personenbezogenen Daten in Verbindung mit der Nutzung unserer Website informieren und Sie gleichzeitig \u00fcber die Ihnen zustehenden Rechte aufkl\u00e4ren. [&hellip;]<\/p>\n","protected":false},"author":1,"featured_media":0,"parent":0,"menu_order":0,"comment_status":"closed","ping_status":"closed","template":"","meta":[],"_links":{"self":[{"href":"https:\/\/baugeschaeft-bade.de\/index.php?rest_route=\/wp\/v2\/pages\/861"}],"collection":[{"href":"https:\/\/baugeschaeft-bade.de\/index.php?rest_route=\/wp\/v2\/pages"}],"about":[{"href":"https:\/\/baugeschaeft-bade.de\/index.php?rest_route=\/wp\/v2\/types\/page"}],"author":[{"embeddable":true,"href":"https:\/\/baugeschaeft-bade.de\/index.php?rest_route=\/wp\/v2\/users\/1"}],"replies":[{"embeddable":true,"href":"https:\/\/baugeschaeft-bade.de\/index.php?rest_route=%2Fwp%2Fv2%2Fcomments&post=861"}],"version-history":[{"count":5,"href":"https:\/\/baugeschaeft-bade.de\/index.php?rest_route=\/wp\/v2\/pages\/861\/revisions"}],"predecessor-version":[{"id":867,"href":"https:\/\/baugeschaeft-bade.de\/index.php?rest_route=\/wp\/v2\/pages\/861\/revisions\/867"}],"wp:attachment":[{"href":"https:\/\/baugeschaeft-bade.de\/index.php?rest_route=%2Fwp%2Fv2%2Fmedia&parent=861"}],"curies":[{"name":"wp","href":"https:\/\/api.w.org\/{rel}","templated":true}]}}