{"id":88,"date":"2015-10-14T09:54:42","date_gmt":"2015-10-14T09:54:42","guid":{"rendered":"http:\/\/baugeschaeft-bade.de\/?page_id=88"},"modified":"2015-11-25T17:41:45","modified_gmt":"2015-11-25T17:41:45","slug":"ausbau-erneuerung","status":"publish","type":"page","link":"https:\/\/baugeschaeft-bade.de\/?page_id=88","title":{"rendered":"Ausbau &#038; Erneuerung"},"content":{"rendered":"<div id=\"mitte\">\n<h4 class=\"titel\"><img loading=\"lazy\" class=\"alignleft size-full wp-image-639\" src=\"http:\/\/baugeschaeft-bade.de\/wp-content\/uploads\/2015\/10\/beiderarbeit.jpg\" alt=\"beiderarbeit\" width=\"350\" height=\"263\" srcset=\"https:\/\/baugeschaeft-bade.de\/wp-content\/uploads\/2015\/10\/beiderarbeit.jpg 350w, https:\/\/baugeschaeft-bade.de\/wp-content\/uploads\/2015\/10\/beiderarbeit-300x225.jpg 300w\" sizes=\"(max-width: 350px) 100vw, 350px\" \/>Alte Bausubstanz &#8211; fit f\u00fcr die Zukunft.<\/h4>\n<div class=\"titel\"><\/div>\n<div class=\"fliesstext\">H\u00e4ufig besteht der Wunsch, in die Jahre gekommene Geb\u00e4ude zu sanieren, um den Anspr\u00fcchen an modernen Wohnkomfort und Energieeffizienz gerecht zu werden. Wir helfen Ihnen dabei, beraten Sie etwa zu Fragen der Fassadend\u00e4mmung oder M\u00f6glichkeiten des Trockenbaus und sind Ihr Partner f\u00fcr eine zuverl\u00e4ssige, fristgem\u00e4\u00dfe und qualitativ hochwertige Umsetzung.<\/div>\n<p>&nbsp;<br \/>\nWir kommen vor Ort, \u00fcbernehmen die Ausmessung, fertigen ggf. Bau- oder Konstruktionspl\u00e4ne, beraten Sie wenn Antr\u00e4ge n\u00f6tig oder F\u00f6rderungen m\u00f6glich sind und kalkulieren so vorab mit Ihnen einen Preis. Ob Sanierung, An-, Aus- oder Umbau &#8211; unser breit aufgestelltes Team setzt alle Ihre W\u00fcnsche innerhalb vorab besprochener Zeitr\u00e4ume um. So k\u00f6nnen Sie Ihr Renovierungs- oder Bauvorhaben sicher planen und zeitnah realisieren.<\/p>\n<\/div>\n","protected":false},"excerpt":{"rendered":"<p>Alte Bausubstanz &#8211; fit f\u00fcr die Zukunft. H\u00e4ufig besteht der Wunsch, in die Jahre gekommene Geb\u00e4ude zu sanieren, um den Anspr\u00fcchen an modernen Wohnkomfort und Energieeffizienz gerecht zu werden. Wir helfen Ihnen dabei, beraten Sie etwa zu Fragen der Fassadend\u00e4mmung oder M\u00f6glichkeiten des Trockenbaus und sind Ihr Partner f\u00fcr eine zuverl\u00e4ssige, fristgem\u00e4\u00dfe und qualitativ hochwertige [&hellip;]<\/p>\n","protected":false},"author":1,"featured_media":0,"parent":0,"menu_order":0,"comment_status":"closed","ping_status":"closed","template":"","meta":[],"_links":{"self":[{"href":"https:\/\/baugeschaeft-bade.de\/index.php?rest_route=\/wp\/v2\/pages\/88"}],"collection":[{"href":"https:\/\/baugeschaeft-bade.de\/index.php?rest_route=\/wp\/v2\/pages"}],"about":[{"href":"https:\/\/baugeschaeft-bade.de\/index.php?rest_route=\/wp\/v2\/types\/page"}],"author":[{"embeddable":true,"href":"https:\/\/baugeschaeft-bade.de\/index.php?rest_route=\/wp\/v2\/users\/1"}],"replies":[{"embeddable":true,"href":"https:\/\/baugeschaeft-bade.de\/index.php?rest_route=%2Fwp%2Fv2%2Fcomments&post=88"}],"version-history":[{"count":5,"href":"https:\/\/baugeschaeft-bade.de\/index.php?rest_route=\/wp\/v2\/pages\/88\/revisions"}],"predecessor-version":[{"id":638,"href":"https:\/\/baugeschaeft-bade.de\/index.php?rest_route=\/wp\/v2\/pages\/88\/revisions\/638"}],"wp:attachment":[{"href":"https:\/\/baugeschaeft-bade.de\/index.php?rest_route=%2Fwp%2Fv2%2Fmedia&parent=88"}],"curies":[{"name":"wp","href":"https:\/\/api.w.org\/{rel}","templated":true}]}}