{"id":92,"date":"2015-10-14T09:55:06","date_gmt":"2015-10-14T09:55:06","guid":{"rendered":"http:\/\/baugeschaeft-bade.de\/?page_id=92"},"modified":"2015-11-25T17:44:24","modified_gmt":"2015-11-25T17:44:24","slug":"aussenanlagen","status":"publish","type":"page","link":"https:\/\/baugeschaeft-bade.de\/?page_id=92","title":{"rendered":"Au\u00dfenanlagen"},"content":{"rendered":"<div id=\"mitte\">\n<h4>\u201eSchl\u00fcsselfertig\u201c endet<img loading=\"lazy\" class=\"size-full wp-image-632 alignleft\" src=\"http:\/\/baugeschaeft-bade.de\/wp-content\/uploads\/2015\/10\/aussenanlagen1.jpg\" alt=\"aussenanlagen1\" width=\"350\" height=\"229\" srcset=\"https:\/\/baugeschaeft-bade.de\/wp-content\/uploads\/2015\/10\/aussenanlagen1.jpg 350w, https:\/\/baugeschaeft-bade.de\/wp-content\/uploads\/2015\/10\/aussenanlagen1-300x196.jpg 300w\" sizes=\"(max-width: 350px) 100vw, 350px\" \/> f\u00fcr uns nicht an der Haust\u00fcr.<\/h4>\n<h4>Sondern an der Grundst\u00fccksgrenze.<\/h4>\n<div class=\"fliesstext\"><\/div>\n<div class=\"fliesstext\">\n<p>Dank modernster Technik wie zum Beispiel einer Pflasterzange k\u00f6nnen wir in k\u00fcrzester Zeit daf\u00fcr sorgen, dass sie \u201esauberen Fu\u00dfes\u201c in Ihr Haus gelangen. Lassen Sie sich bei der Gestaltung Ihrer Au\u00dfenanlage durch uns beraten. Gerne besichtigen wir mit Ihnen zahlreiche Referenzanlagen in der Umgebung, um Ihnen Anregungen zu geben! Auch das Versetzen von Winkelelementen zum Abfangen von H\u00f6henunterschieden ist dank unserer umfangreichen Technik kein Problem!<\/p>\n<\/div>\n<\/div>\n","protected":false},"excerpt":{"rendered":"<p>\u201eSchl\u00fcsselfertig\u201c endet f\u00fcr uns nicht an der Haust\u00fcr. Sondern an der Grundst\u00fccksgrenze. Dank modernster Technik wie zum Beispiel einer Pflasterzange k\u00f6nnen wir in k\u00fcrzester Zeit daf\u00fcr sorgen, dass sie \u201esauberen Fu\u00dfes\u201c in Ihr Haus gelangen. Lassen Sie sich bei der Gestaltung Ihrer Au\u00dfenanlage durch uns beraten. Gerne besichtigen wir mit Ihnen zahlreiche Referenzanlagen in der [&hellip;]<\/p>\n","protected":false},"author":1,"featured_media":0,"parent":0,"menu_order":0,"comment_status":"closed","ping_status":"closed","template":"","meta":[],"_links":{"self":[{"href":"https:\/\/baugeschaeft-bade.de\/index.php?rest_route=\/wp\/v2\/pages\/92"}],"collection":[{"href":"https:\/\/baugeschaeft-bade.de\/index.php?rest_route=\/wp\/v2\/pages"}],"about":[{"href":"https:\/\/baugeschaeft-bade.de\/index.php?rest_route=\/wp\/v2\/types\/page"}],"author":[{"embeddable":true,"href":"https:\/\/baugeschaeft-bade.de\/index.php?rest_route=\/wp\/v2\/users\/1"}],"replies":[{"embeddable":true,"href":"https:\/\/baugeschaeft-bade.de\/index.php?rest_route=%2Fwp%2Fv2%2Fcomments&post=92"}],"version-history":[{"count":7,"href":"https:\/\/baugeschaeft-bade.de\/index.php?rest_route=\/wp\/v2\/pages\/92\/revisions"}],"predecessor-version":[{"id":642,"href":"https:\/\/baugeschaeft-bade.de\/index.php?rest_route=\/wp\/v2\/pages\/92\/revisions\/642"}],"wp:attachment":[{"href":"https:\/\/baugeschaeft-bade.de\/index.php?rest_route=%2Fwp%2Fv2%2Fmedia&parent=92"}],"curies":[{"name":"wp","href":"https:\/\/api.w.org\/{rel}","templated":true}]}}